{"id":6225,"date":"2022-12-07T15:49:50","date_gmt":"2022-12-07T14:49:50","guid":{"rendered":"https:\/\/ontwerpenzo-test.nl\/cookie-statement\/"},"modified":"2026-04-10T12:56:39","modified_gmt":"2026-04-10T10:56:39","slug":"evastekaytanto","status":"publish","type":"page","link":"https:\/\/ontwerpenzo-test.nl\/fi\/evastekaytanto\/","title":{"rendered":"Ev\u00e4stek\u00e4yt\u00e4nt\u00f6"},"content":{"rendered":"\t\t<div data-elementor-type=\"wp-page\" data-elementor-id=\"6225\" class=\"elementor elementor-6225\" data-elementor-post-type=\"page\">\n\t\t\t\t\t\t<section class=\"elementor-section elementor-top-section elementor-element elementor-element-1708f14 elementor-section-boxed elementor-section-height-default elementor-section-height-default\" data-id=\"1708f14\" data-element_type=\"section\" data-e-type=\"section\">\n\t\t\t\t\t\t<div class=\"elementor-container elementor-column-gap-default\">\n\t\t\t\t\t<div class=\"elementor-column elementor-col-100 elementor-top-column elementor-element elementor-element-6269f58\" data-id=\"6269f58\" data-element_type=\"column\" data-e-type=\"column\" data-settings=\"{&quot;background_background&quot;:&quot;classic&quot;}\">\n\t\t\t<div class=\"elementor-widget-wrap elementor-element-populated\">\n\t\t\t\t\t\t<section class=\"elementor-section elementor-inner-section elementor-element elementor-element-8705a3f elementor-section-boxed elementor-section-height-default elementor-section-height-default\" data-id=\"8705a3f\" data-element_type=\"section\" data-e-type=\"section\">\n\t\t\t\t\t\t<div class=\"elementor-container elementor-column-gap-default\">\n\t\t\t\t\t<div class=\"elementor-column elementor-col-100 elementor-inner-column elementor-element elementor-element-4a8a9fa\" data-id=\"4a8a9fa\" data-element_type=\"column\" data-e-type=\"column\">\n\t\t\t<div class=\"elementor-widget-wrap elementor-element-populated\">\n\t\t\t\t\t\t<div class=\"elementor-element elementor-element-0a819ea elementor-widget elementor-widget-heading\" data-id=\"0a819ea\" data-element_type=\"widget\" data-e-type=\"widget\" data-widget_type=\"heading.default\">\n\t\t\t\t<div class=\"elementor-widget-container\">\n\t\t\t\t\t<h1 class=\"elementor-heading-title elementor-size-default\">Cookie<\/h1>\t\t\t\t<\/div>\n\t\t\t\t<\/div>\n\t\t\t\t<div class=\"elementor-element elementor-element-b736c9e elementor-widget elementor-widget-heading\" data-id=\"b736c9e\" data-element_type=\"widget\" data-e-type=\"widget\" data-widget_type=\"heading.default\">\n\t\t\t\t<div class=\"elementor-widget-container\">\n\t\t\t\t\t<h1 class=\"elementor-heading-title elementor-size-default\">statement<\/h1>\t\t\t\t<\/div>\n\t\t\t\t<\/div>\n\t\t\t\t<div class=\"elementor-element elementor-element-4074da2 elementor-widget elementor-widget-image\" data-id=\"4074da2\" data-element_type=\"widget\" data-e-type=\"widget\" data-widget_type=\"image.default\">\n\t\t\t\t<div class=\"elementor-widget-container\">\n\t\t\t\t\t\t\t\t\t\t\t\t\t\t\t<img decoding=\"async\" src=\"https:\/\/ontwerpenzo-test.nl\/wp-content\/uploads\/elementor\/thumbs\/LSL-icon-pyqfudigm75oe3olyqaddz43e6e9t3sgrdyni0a39e.png\" title=\"Favicon Lipo Science Laboratory\" alt=\"Favicon Lipo Science Laboratory\" loading=\"lazy\" \/>\t\t\t\t\t\t\t\t\t\t\t\t\t\t\t<\/div>\n\t\t\t\t<\/div>\n\t\t\t\t<div class=\"elementor-element elementor-element-8249e02 elementor-widget elementor-widget-text-editor\" data-id=\"8249e02\" data-element_type=\"widget\" data-e-type=\"widget\" data-widget_type=\"text-editor.default\">\n\t\t\t\t<div class=\"elementor-widget-container\">\n\t\t\t\t\t\t\t\t\t<p><strong>Cookiestatement Lipo Science Laboratory<\/strong><\/p><p><u>What are cookies?<br \/><\/u>Cookies are small text files that are stored on your computer when you visit a particular web page. Our cookies do not damage your computer and no personal information is stored when using them, such as payment details, name or address.<\/p><p><u>Which type of cookies does Lipo Science Laboratory use? <br \/><\/u>We use functional and analytical cookies that are necessary for our website to function properly. These cookies keep track of web statistics and resolve any errors.<\/p><p><u>Which cookies use Lipo Science Laboratory? <br \/><\/u>Lipo Science Laboratory places the following cookies:<\/p><ul><li>Google Analytics \u2013 This cookie provides a better insight into the surfing behavior of the visitor to <a href=\"https:\/\/ontwerpenzo-test.nl\">liposciencelaboratory.com<\/a>. This allows us to improve the user experience.<\/li><\/ul><p><u><br \/>Changes to our privacy and cookie statement <br \/><\/u>We reserve the right to make changes to our privacy and cookie statement. Therefore, please review these statements regularly for an update of our policy.<\/p><p><u>Applicability of privacy and cookie policy and general terms and conditions<br \/><\/u>Our privacy and cookie policy and our terms and conditions apply every visit to our website and every agreement.<\/p>\t\t\t\t\t\t\t\t<\/div>\n\t\t\t\t<\/div>\n\t\t\t\t\t<\/div>\n\t\t<\/div>\n\t\t\t\t\t<\/div>\n\t\t<\/section>\n\t\t\t\t\t<\/div>\n\t\t<\/div>\n\t\t\t\t\t<\/div>\n\t\t<\/section>\n\t\t\t\t<section class=\"elementor-section elementor-top-section elementor-element elementor-element-71c9f6a elementor-section-boxed elementor-section-height-default elementor-section-height-default\" data-id=\"71c9f6a\" data-element_type=\"section\" data-e-type=\"section\" data-settings=\"{&quot;background_background&quot;:&quot;classic&quot;}\">\n\t\t\t\t\t\t<div class=\"elementor-container elementor-column-gap-default\">\n\t\t\t\t\t<div class=\"elementor-column elementor-col-25 elementor-top-column elementor-element elementor-element-f802fe4\" data-id=\"f802fe4\" data-element_type=\"column\" data-e-type=\"column\">\n\t\t\t<div class=\"elementor-widget-wrap elementor-element-populated\">\n\t\t\t\t\t\t<div class=\"elementor-element elementor-element-217a8ee elementor-hidden-mobile elementor-widget elementor-widget-theme-site-logo elementor-widget-image\" data-id=\"217a8ee\" data-element_type=\"widget\" data-e-type=\"widget\" data-widget_type=\"theme-site-logo.default\">\n\t\t\t\t<div class=\"elementor-widget-container\">\n\t\t\t\t\t\t\t\t\t\t\t<a href=\"https:\/\/ontwerpenzo-test.nl\/fi\/\">\n\t\t\t<img fetchpriority=\"high\" decoding=\"async\" width=\"1000\" height=\"330\" src=\"https:\/\/ontwerpenzo-test.nl\/wp-content\/uploads\/2022\/12\/LSL-Logo.png\" class=\"attachment-full size-full wp-image-1287\" alt=\"Logo Lipo Science Laboratory\" srcset=\"https:\/\/ontwerpenzo-test.nl\/wp-content\/uploads\/2022\/12\/LSL-Logo.png 1000w, https:\/\/ontwerpenzo-test.nl\/wp-content\/uploads\/2022\/12\/LSL-Logo-300x99.png 300w, https:\/\/ontwerpenzo-test.nl\/wp-content\/uploads\/2022\/12\/LSL-Logo-768x253.png 768w\" sizes=\"(max-width: 1000px) 100vw, 1000px\" \/>\t\t\t\t<\/a>\n\t\t\t\t\t\t\t\t\t\t\t<\/div>\n\t\t\t\t<\/div>\n\t\t\t\t\t<\/div>\n\t\t<\/div>\n\t\t\t\t<div class=\"elementor-column elementor-col-25 elementor-top-column elementor-element elementor-element-b7f062d\" data-id=\"b7f062d\" data-element_type=\"column\" data-e-type=\"column\">\n\t\t\t<div class=\"elementor-widget-wrap elementor-element-populated\">\n\t\t\t\t\t\t<div class=\"elementor-element elementor-element-1d77551 elementor-widget elementor-widget-heading\" data-id=\"1d77551\" data-element_type=\"widget\" data-e-type=\"widget\" data-widget_type=\"heading.default\">\n\t\t\t\t<div class=\"elementor-widget-container\">\n\t\t\t\t\t<h4 class=\"elementor-heading-title elementor-size-default\">Tuotteet<\/h4>\t\t\t\t<\/div>\n\t\t\t\t<\/div>\n\t\t\t\t<div class=\"elementor-element elementor-element-f8fd0ee elementor-icon-list--layout-traditional elementor-list-item-link-full_width elementor-widget elementor-widget-icon-list\" data-id=\"f8fd0ee\" data-element_type=\"widget\" data-e-type=\"widget\" data-widget_type=\"icon-list.default\">\n\t\t\t\t<div class=\"elementor-widget-container\">\n\t\t\t\t\t\t\t<ul class=\"elementor-icon-list-items\">\n\t\t\t\t\t\t\t<li class=\"elementor-icon-list-item\">\n\t\t\t\t\t\t\t\t\t\t<span class=\"elementor-icon-list-text\">Liposomaaliset jauheet<\/span>\n\t\t\t\t\t\t\t\t\t<\/li>\n\t\t\t\t\t\t\t\t<li class=\"elementor-icon-list-item\">\n\t\t\t\t\t\t\t\t\t\t<span class=\"elementor-icon-list-text\">Kapselit<\/span>\n\t\t\t\t\t\t\t\t\t<\/li>\n\t\t\t\t\t\t\t\t<li class=\"elementor-icon-list-item\">\n\t\t\t\t\t\t\t\t\t\t<span class=\"elementor-icon-list-text\">Yksityis- tai yritysmerkki<\/span>\n\t\t\t\t\t\t\t\t\t<\/li>\n\t\t\t\t\t\t\t\t<li class=\"elementor-icon-list-item\">\n\t\t\t\t\t\t\t\t\t\t\t<a href=\"https:\/\/ontwerpenzo-test.nl\/fi\/lataa-tuote-esite\/\">\n\n\t\t\t\t\t\t\t\t\t\t\t<span class=\"elementor-icon-list-text\">Tuote-esite<\/span>\n\t\t\t\t\t\t\t\t\t\t\t<\/a>\n\t\t\t\t\t\t\t\t\t<\/li>\n\t\t\t\t\t\t<\/ul>\n\t\t\t\t\t\t<\/div>\n\t\t\t\t<\/div>\n\t\t\t\t\t<\/div>\n\t\t<\/div>\n\t\t\t\t<div class=\"elementor-column elementor-col-25 elementor-top-column elementor-element elementor-element-e0516a1\" data-id=\"e0516a1\" data-element_type=\"column\" data-e-type=\"column\">\n\t\t\t<div class=\"elementor-widget-wrap elementor-element-populated\">\n\t\t\t\t\t\t<div class=\"elementor-element elementor-element-5ed1ef0 elementor-widget elementor-widget-heading\" data-id=\"5ed1ef0\" data-element_type=\"widget\" data-e-type=\"widget\" data-widget_type=\"heading.default\">\n\t\t\t\t<div class=\"elementor-widget-container\">\n\t\t\t\t\t<h4 class=\"elementor-heading-title elementor-size-default\">Tietoa lsl:st\u00e4<\/h4>\t\t\t\t<\/div>\n\t\t\t\t<\/div>\n\t\t\t\t<div class=\"elementor-element elementor-element-25430d3 elementor-icon-list--layout-traditional elementor-list-item-link-full_width elementor-widget elementor-widget-icon-list\" data-id=\"25430d3\" data-element_type=\"widget\" data-e-type=\"widget\" data-widget_type=\"icon-list.default\">\n\t\t\t\t<div class=\"elementor-widget-container\">\n\t\t\t\t\t\t\t<ul class=\"elementor-icon-list-items\">\n\t\t\t\t\t\t\t<li class=\"elementor-icon-list-item\">\n\t\t\t\t\t\t\t\t\t\t\t<a href=\"https:\/\/ontwerpenzo-test.nl\/fi\/liposomaalinen-teknologia\/\">\n\n\t\t\t\t\t\t\t\t\t\t\t<span class=\"elementor-icon-list-text\">Liposomaalinen teknologia<\/span>\n\t\t\t\t\t\t\t\t\t\t\t<\/a>\n\t\t\t\t\t\t\t\t\t<\/li>\n\t\t\t\t\t\t\t\t<li class=\"elementor-icon-list-item\">\n\t\t\t\t\t\t\t\t\t\t\t<a href=\"https:\/\/ontwerpenzo-test.nl\/fi\/tarinamme\/\">\n\n\t\t\t\t\t\t\t\t\t\t\t<span class=\"elementor-icon-list-text\">Tarinamme<\/span>\n\t\t\t\t\t\t\t\t\t\t\t<\/a>\n\t\t\t\t\t\t\t\t\t<\/li>\n\t\t\t\t\t\t\t\t<li class=\"elementor-icon-list-item\">\n\t\t\t\t\t\t\t\t\t\t\t<a href=\"https:\/\/ontwerpenzo-test.nl\/our-story\/\" target=\"_blank\">\n\n\t\t\t\t\t\t\t\t\t\t\t<span class=\"elementor-icon-list-text\">Tiimimme<\/span>\n\t\t\t\t\t\t\t\t\t\t\t<\/a>\n\t\t\t\t\t\t\t\t\t<\/li>\n\t\t\t\t\t\t<\/ul>\n\t\t\t\t\t\t<\/div>\n\t\t\t\t<\/div>\n\t\t\t\t\t<\/div>\n\t\t<\/div>\n\t\t\t\t<div class=\"elementor-column elementor-col-25 elementor-top-column elementor-element elementor-element-3978290\" data-id=\"3978290\" data-element_type=\"column\" data-e-type=\"column\">\n\t\t\t<div class=\"elementor-widget-wrap elementor-element-populated\">\n\t\t\t\t\t\t<div class=\"elementor-element elementor-element-2e7a9ba elementor-widget elementor-widget-heading\" data-id=\"2e7a9ba\" data-element_type=\"widget\" data-e-type=\"widget\" data-widget_type=\"heading.default\">\n\t\t\t\t<div class=\"elementor-widget-container\">\n\t\t\t\t\t<h4 class=\"elementor-heading-title elementor-size-default\">Yhteystiedot<\/h4>\t\t\t\t<\/div>\n\t\t\t\t<\/div>\n\t\t\t\t<div class=\"elementor-element elementor-element-f48f6ff elementor-widget__width-initial elementor-icon-list--layout-traditional elementor-list-item-link-full_width elementor-widget elementor-widget-icon-list\" data-id=\"f48f6ff\" data-element_type=\"widget\" data-e-type=\"widget\" data-widget_type=\"icon-list.default\">\n\t\t\t\t<div class=\"elementor-widget-container\">\n\t\t\t\t\t\t\t<ul class=\"elementor-icon-list-items\">\n\t\t\t\t\t\t\t<li class=\"elementor-icon-list-item\">\n\t\t\t\t\t\t\t\t\t\t<span class=\"elementor-icon-list-text\">Koopvaardijweg 2<\/span>\n\t\t\t\t\t\t\t\t\t<\/li>\n\t\t\t\t\t\t\t\t<li class=\"elementor-icon-list-item\">\n\t\t\t\t\t\t\t\t\t\t<span class=\"elementor-icon-list-text\">4906 CV Oosterhout (NB), <br>The Netherlands<\/span>\n\t\t\t\t\t\t\t\t\t<\/li>\n\t\t\t\t\t\t\t\t<li class=\"elementor-icon-list-item\">\n\t\t\t\t\t\t\t\t\t\t\t<a href=\"mailto:info@ontwerpenzo-test.nl\">\n\n\t\t\t\t\t\t\t\t\t\t\t<span class=\"elementor-icon-list-text\">info@ontwerpenzo-test.nl<\/span>\n\t\t\t\t\t\t\t\t\t\t\t<\/a>\n\t\t\t\t\t\t\t\t\t<\/li>\n\t\t\t\t\t\t\t\t<li class=\"elementor-icon-list-item\">\n\t\t\t\t\t\t\t\t\t\t<span class=\"elementor-icon-list-text\">Tel: +31 (0) 6 18 40 82 60<\/span>\n\t\t\t\t\t\t\t\t\t<\/li>\n\t\t\t\t\t\t<\/ul>\n\t\t\t\t\t\t<\/div>\n\t\t\t\t<\/div>\n\t\t\t\t\t<\/div>\n\t\t<\/div>\n\t\t\t\t\t<\/div>\n\t\t<\/section>\n\t\t\t\t<section class=\"elementor-section elementor-top-section elementor-element elementor-element-39f327d elementor-section-boxed elementor-section-height-default elementor-section-height-default\" data-id=\"39f327d\" data-element_type=\"section\" data-e-type=\"section\" data-settings=\"{&quot;background_background&quot;:&quot;classic&quot;}\">\n\t\t\t\t\t\t<div class=\"elementor-container elementor-column-gap-default\">\n\t\t\t\t\t<div class=\"elementor-column elementor-col-100 elementor-top-column elementor-element elementor-element-a8db3b6\" data-id=\"a8db3b6\" data-element_type=\"column\" data-e-type=\"column\">\n\t\t\t<div class=\"elementor-widget-wrap elementor-element-populated\">\n\t\t\t\t\t\t<div class=\"elementor-element elementor-element-b5478c9 elementor-icon-list--layout-inline elementor-align-center elementor-list-item-link-full_width elementor-widget elementor-widget-icon-list\" data-id=\"b5478c9\" data-element_type=\"widget\" data-e-type=\"widget\" data-widget_type=\"icon-list.default\">\n\t\t\t\t<div class=\"elementor-widget-container\">\n\t\t\t\t\t\t\t<ul class=\"elementor-icon-list-items elementor-inline-items\">\n\t\t\t\t\t\t\t<li class=\"elementor-icon-list-item elementor-inline-item\">\n\t\t\t\t\t\t\t\t\t\t<span class=\"elementor-icon-list-text\">\u00a9 LIPO SCIENCE LABORATORY <\/span>\n\t\t\t\t\t\t\t\t\t<\/li>\n\t\t\t\t\t\t\t\t<li class=\"elementor-icon-list-item elementor-inline-item\">\n\t\t\t\t\t\t\t\t\t\t\t<a href=\"https:\/\/ontwerpenzo-test.nl\/fi\/yleiset-ehdot\/\">\n\n\t\t\t\t\t\t\t\t\t\t\t<span class=\"elementor-icon-list-text\">Yleiset ehdot<\/span>\n\t\t\t\t\t\t\t\t\t\t\t<\/a>\n\t\t\t\t\t\t\t\t\t<\/li>\n\t\t\t\t\t\t\t\t<li class=\"elementor-icon-list-item elementor-inline-item\">\n\t\t\t\t\t\t\t\t\t\t\t<a href=\"https:\/\/ontwerpenzo-test.nl\/fi\/tietosuojaseloste\/\">\n\n\t\t\t\t\t\t\t\t\t\t\t<span class=\"elementor-icon-list-text\">Tietosuojaseloste<\/span>\n\t\t\t\t\t\t\t\t\t\t\t<\/a>\n\t\t\t\t\t\t\t\t\t<\/li>\n\t\t\t\t\t\t\t\t<li class=\"elementor-icon-list-item elementor-inline-item\">\n\t\t\t\t\t\t\t\t\t\t\t<a href=\"https:\/\/ontwerpenzo-test.nl\/fi\/evastekaytanto\/\">\n\n\t\t\t\t\t\t\t\t\t\t\t<span class=\"elementor-icon-list-text\">Ev\u00e4stek\u00e4yt\u00e4nt\u00f6<\/span>\n\t\t\t\t\t\t\t\t\t\t\t<\/a>\n\t\t\t\t\t\t\t\t\t<\/li>\n\t\t\t\t\t\t<\/ul>\n\t\t\t\t\t\t<\/div>\n\t\t\t\t<\/div>\n\t\t\t\t\t<\/div>\n\t\t<\/div>\n\t\t\t\t\t<\/div>\n\t\t<\/section>\n\t\t\t\t<\/div>\n\t\t","protected":false},"excerpt":{"rendered":"<p>Cookie statement Cookiestatement Lipo Science Laboratory What are cookies?Cookies are small text files that are stored on your computer when you visit a particular web page. Our cookies do not damage your computer and no personal information is stored when using them, such as payment details, name or address. Which type of cookies does Lipo [&hellip;]<\/p>\n","protected":false},"author":1,"featured_media":0,"parent":0,"menu_order":0,"comment_status":"closed","ping_status":"closed","template":"","meta":{"_oct_exclude_from_cache":false,"footnotes":""},"class_list":["post-6225","page","type-page","status-publish","hentry"],"yoast_head":"<!-- This site is optimized with the Yoast SEO plugin v27.3 - https:\/\/yoast.com\/product\/yoast-seo-wordpress\/ -->\n<title>Ev\u00e4stek\u00e4yt\u00e4nt\u00f6 - Lipo Science Laboratory<\/title>\n<meta name=\"robots\" content=\"index, follow, max-snippet:-1, max-image-preview:large, max-video-preview:-1\" \/>\n<link rel=\"canonical\" href=\"https:\/\/ontwerpenzo-test.nl\/fi\/evastekaytanto\/\" \/>\n<meta property=\"og:locale\" content=\"fi_FI\" \/>\n<meta property=\"og:type\" content=\"article\" \/>\n<meta property=\"og:title\" content=\"Ev\u00e4stek\u00e4yt\u00e4nt\u00f6 - Lipo Science Laboratory\" \/>\n<meta property=\"og:description\" content=\"Cookie statement Cookiestatement Lipo Science Laboratory What are cookies?Cookies are small text files that are stored on your computer when you visit a particular web page. Our cookies do not damage your computer and no personal information is stored when using them, such as payment details, name or address. Which type of cookies does Lipo [&hellip;]\" \/>\n<meta property=\"og:url\" content=\"https:\/\/ontwerpenzo-test.nl\/fi\/evastekaytanto\/\" \/>\n<meta property=\"og:site_name\" content=\"Lipo Science Laboratory\" \/>\n<meta property=\"article:modified_time\" content=\"2026-04-10T10:56:39+00:00\" \/>\n<meta property=\"og:image\" content=\"https:\/\/ontwerpenzo-test.nl\/wp-content\/uploads\/elementor\/thumbs\/LSL-icon-pyqfudigm75oe3olyqaddz43e6e9t3sgrdyni0a39e.png\" \/>\n<meta name=\"twitter:card\" content=\"summary_large_image\" \/>\n<meta name=\"twitter:label1\" content=\"Arvioitu lukuaika\" \/>\n\t<meta name=\"twitter:data1\" content=\"2 minuuttia\" \/>\n<script type=\"application\/ld+json\" class=\"yoast-schema-graph\">{\"@context\":\"https:\\\/\\\/schema.org\",\"@graph\":[{\"@type\":\"WebPage\",\"@id\":\"https:\\\/\\\/ontwerpenzo-test.nl\\\/fi\\\/evastekaytanto\\\/\",\"url\":\"https:\\\/\\\/ontwerpenzo-test.nl\\\/fi\\\/evastekaytanto\\\/\",\"name\":\"Ev\u00e4stek\u00e4yt\u00e4nt\u00f6 - Lipo Science Laboratory\",\"isPartOf\":{\"@id\":\"https:\\\/\\\/ontwerpenzo-test.nl\\\/de\\\/#website\"},\"primaryImageOfPage\":{\"@id\":\"https:\\\/\\\/ontwerpenzo-test.nl\\\/fi\\\/evastekaytanto\\\/#primaryimage\"},\"image\":{\"@id\":\"https:\\\/\\\/ontwerpenzo-test.nl\\\/fi\\\/evastekaytanto\\\/#primaryimage\"},\"thumbnailUrl\":\"https:\\\/\\\/ontwerpenzo-test.nl\\\/wp-content\\\/uploads\\\/elementor\\\/thumbs\\\/LSL-icon-pyqfudigm75oe3olyqaddz43e6e9t3sgrdyni0a39e.png\",\"datePublished\":\"2022-12-07T14:49:50+00:00\",\"dateModified\":\"2026-04-10T10:56:39+00:00\",\"breadcrumb\":{\"@id\":\"https:\\\/\\\/ontwerpenzo-test.nl\\\/fi\\\/evastekaytanto\\\/#breadcrumb\"},\"inLanguage\":\"fi\",\"potentialAction\":[{\"@type\":\"ReadAction\",\"target\":[\"https:\\\/\\\/ontwerpenzo-test.nl\\\/fi\\\/evastekaytanto\\\/\"]}]},{\"@type\":\"ImageObject\",\"inLanguage\":\"fi\",\"@id\":\"https:\\\/\\\/ontwerpenzo-test.nl\\\/fi\\\/evastekaytanto\\\/#primaryimage\",\"url\":\"https:\\\/\\\/ontwerpenzo-test.nl\\\/wp-content\\\/uploads\\\/elementor\\\/thumbs\\\/LSL-icon-pyqfudigm75oe3olyqaddz43e6e9t3sgrdyni0a39e.png\",\"contentUrl\":\"https:\\\/\\\/ontwerpenzo-test.nl\\\/wp-content\\\/uploads\\\/elementor\\\/thumbs\\\/LSL-icon-pyqfudigm75oe3olyqaddz43e6e9t3sgrdyni0a39e.png\"},{\"@type\":\"BreadcrumbList\",\"@id\":\"https:\\\/\\\/ontwerpenzo-test.nl\\\/fi\\\/evastekaytanto\\\/#breadcrumb\",\"itemListElement\":[{\"@type\":\"ListItem\",\"position\":1,\"name\":\"Home\",\"item\":\"https:\\\/\\\/ontwerpenzo-test.nl\\\/\"},{\"@type\":\"ListItem\",\"position\":2,\"name\":\"Ev\u00e4stek\u00e4yt\u00e4nt\u00f6\"}]},{\"@type\":\"WebSite\",\"@id\":\"https:\\\/\\\/ontwerpenzo-test.nl\\\/de\\\/#website\",\"url\":\"https:\\\/\\\/ontwerpenzo-test.nl\\\/de\\\/\",\"name\":\"Lipo Science Laboratory\",\"description\":\"Scientists in liposome technology\",\"publisher\":{\"@id\":\"https:\\\/\\\/ontwerpenzo-test.nl\\\/de\\\/#organization\"},\"potentialAction\":[{\"@type\":\"SearchAction\",\"target\":{\"@type\":\"EntryPoint\",\"urlTemplate\":\"https:\\\/\\\/ontwerpenzo-test.nl\\\/de\\\/?s={search_term_string}\"},\"query-input\":{\"@type\":\"PropertyValueSpecification\",\"valueRequired\":true,\"valueName\":\"search_term_string\"}}],\"inLanguage\":\"fi\"},{\"@type\":\"Organization\",\"@id\":\"https:\\\/\\\/ontwerpenzo-test.nl\\\/de\\\/#organization\",\"name\":\"Lipo Science Laboratory\",\"url\":\"https:\\\/\\\/ontwerpenzo-test.nl\\\/de\\\/\",\"logo\":{\"@type\":\"ImageObject\",\"inLanguage\":\"fi\",\"@id\":\"https:\\\/\\\/ontwerpenzo-test.nl\\\/de\\\/#\\\/schema\\\/logo\\\/image\\\/\",\"url\":\"https:\\\/\\\/ontwerpenzo-test.nl\\\/wp-content\\\/uploads\\\/2022\\\/12\\\/LSL-Logo.png\",\"contentUrl\":\"https:\\\/\\\/ontwerpenzo-test.nl\\\/wp-content\\\/uploads\\\/2022\\\/12\\\/LSL-Logo.png\",\"width\":1000,\"height\":330,\"caption\":\"Lipo Science Laboratory\"},\"image\":{\"@id\":\"https:\\\/\\\/ontwerpenzo-test.nl\\\/de\\\/#\\\/schema\\\/logo\\\/image\\\/\"}}]}<\/script>\n<!-- \/ Yoast SEO plugin. -->","yoast_head_json":{"title":"Ev\u00e4stek\u00e4yt\u00e4nt\u00f6 - Lipo Science Laboratory","robots":{"index":"index","follow":"follow","max-snippet":"max-snippet:-1","max-image-preview":"max-image-preview:large","max-video-preview":"max-video-preview:-1"},"canonical":"https:\/\/ontwerpenzo-test.nl\/fi\/evastekaytanto\/","og_locale":"fi_FI","og_type":"article","og_title":"Ev\u00e4stek\u00e4yt\u00e4nt\u00f6 - Lipo Science Laboratory","og_description":"Cookie statement Cookiestatement Lipo Science Laboratory What are cookies?Cookies are small text files that are stored on your computer when you visit a particular web page. Our cookies do not damage your computer and no personal information is stored when using them, such as payment details, name or address. Which type of cookies does Lipo [&hellip;]","og_url":"https:\/\/ontwerpenzo-test.nl\/fi\/evastekaytanto\/","og_site_name":"Lipo Science Laboratory","article_modified_time":"2026-04-10T10:56:39+00:00","og_image":[{"url":"https:\/\/ontwerpenzo-test.nl\/wp-content\/uploads\/elementor\/thumbs\/LSL-icon-pyqfudigm75oe3olyqaddz43e6e9t3sgrdyni0a39e.png","type":"","width":"","height":""}],"twitter_card":"summary_large_image","twitter_misc":{"Arvioitu lukuaika":"2 minuuttia"},"schema":{"@context":"https:\/\/schema.org","@graph":[{"@type":"WebPage","@id":"https:\/\/ontwerpenzo-test.nl\/fi\/evastekaytanto\/","url":"https:\/\/ontwerpenzo-test.nl\/fi\/evastekaytanto\/","name":"Ev\u00e4stek\u00e4yt\u00e4nt\u00f6 - Lipo Science Laboratory","isPartOf":{"@id":"https:\/\/ontwerpenzo-test.nl\/de\/#website"},"primaryImageOfPage":{"@id":"https:\/\/ontwerpenzo-test.nl\/fi\/evastekaytanto\/#primaryimage"},"image":{"@id":"https:\/\/ontwerpenzo-test.nl\/fi\/evastekaytanto\/#primaryimage"},"thumbnailUrl":"https:\/\/ontwerpenzo-test.nl\/wp-content\/uploads\/elementor\/thumbs\/LSL-icon-pyqfudigm75oe3olyqaddz43e6e9t3sgrdyni0a39e.png","datePublished":"2022-12-07T14:49:50+00:00","dateModified":"2026-04-10T10:56:39+00:00","breadcrumb":{"@id":"https:\/\/ontwerpenzo-test.nl\/fi\/evastekaytanto\/#breadcrumb"},"inLanguage":"fi","potentialAction":[{"@type":"ReadAction","target":["https:\/\/ontwerpenzo-test.nl\/fi\/evastekaytanto\/"]}]},{"@type":"ImageObject","inLanguage":"fi","@id":"https:\/\/ontwerpenzo-test.nl\/fi\/evastekaytanto\/#primaryimage","url":"https:\/\/ontwerpenzo-test.nl\/wp-content\/uploads\/elementor\/thumbs\/LSL-icon-pyqfudigm75oe3olyqaddz43e6e9t3sgrdyni0a39e.png","contentUrl":"https:\/\/ontwerpenzo-test.nl\/wp-content\/uploads\/elementor\/thumbs\/LSL-icon-pyqfudigm75oe3olyqaddz43e6e9t3sgrdyni0a39e.png"},{"@type":"BreadcrumbList","@id":"https:\/\/ontwerpenzo-test.nl\/fi\/evastekaytanto\/#breadcrumb","itemListElement":[{"@type":"ListItem","position":1,"name":"Home","item":"https:\/\/ontwerpenzo-test.nl\/"},{"@type":"ListItem","position":2,"name":"Ev\u00e4stek\u00e4yt\u00e4nt\u00f6"}]},{"@type":"WebSite","@id":"https:\/\/ontwerpenzo-test.nl\/de\/#website","url":"https:\/\/ontwerpenzo-test.nl\/de\/","name":"Lipo Science Laboratory","description":"Scientists in liposome technology","publisher":{"@id":"https:\/\/ontwerpenzo-test.nl\/de\/#organization"},"potentialAction":[{"@type":"SearchAction","target":{"@type":"EntryPoint","urlTemplate":"https:\/\/ontwerpenzo-test.nl\/de\/?s={search_term_string}"},"query-input":{"@type":"PropertyValueSpecification","valueRequired":true,"valueName":"search_term_string"}}],"inLanguage":"fi"},{"@type":"Organization","@id":"https:\/\/ontwerpenzo-test.nl\/de\/#organization","name":"Lipo Science Laboratory","url":"https:\/\/ontwerpenzo-test.nl\/de\/","logo":{"@type":"ImageObject","inLanguage":"fi","@id":"https:\/\/ontwerpenzo-test.nl\/de\/#\/schema\/logo\/image\/","url":"https:\/\/ontwerpenzo-test.nl\/wp-content\/uploads\/2022\/12\/LSL-Logo.png","contentUrl":"https:\/\/ontwerpenzo-test.nl\/wp-content\/uploads\/2022\/12\/LSL-Logo.png","width":1000,"height":330,"caption":"Lipo Science Laboratory"},"image":{"@id":"https:\/\/ontwerpenzo-test.nl\/de\/#\/schema\/logo\/image\/"}}]}},"_links":{"self":[{"href":"https:\/\/ontwerpenzo-test.nl\/fi\/wp-json\/wp\/v2\/pages\/6225","targetHints":{"allow":["GET"]}}],"collection":[{"href":"https:\/\/ontwerpenzo-test.nl\/fi\/wp-json\/wp\/v2\/pages"}],"about":[{"href":"https:\/\/ontwerpenzo-test.nl\/fi\/wp-json\/wp\/v2\/types\/page"}],"author":[{"embeddable":true,"href":"https:\/\/ontwerpenzo-test.nl\/fi\/wp-json\/wp\/v2\/users\/1"}],"replies":[{"embeddable":true,"href":"https:\/\/ontwerpenzo-test.nl\/fi\/wp-json\/wp\/v2\/comments?post=6225"}],"version-history":[{"count":0,"href":"https:\/\/ontwerpenzo-test.nl\/fi\/wp-json\/wp\/v2\/pages\/6225\/revisions"}],"wp:attachment":[{"href":"https:\/\/ontwerpenzo-test.nl\/fi\/wp-json\/wp\/v2\/media?parent=6225"}],"curies":[{"name":"wp","href":"https:\/\/api.w.org\/{rel}","templated":true}]}}