{"id":1904,"date":"2022-11-30T11:31:45","date_gmt":"2022-11-30T10:31:45","guid":{"rendered":"https:\/\/ontwerpenzo-test.nl\/unsere-geschichte\/"},"modified":"2025-02-20T16:51:46","modified_gmt":"2025-02-20T15:51:46","slug":"uber-uns","status":"publish","type":"page","link":"https:\/\/ontwerpenzo-test.nl\/de\/uber-uns\/","title":{"rendered":"Uber Uns"},"content":{"rendered":"\t\t<div data-elementor-type=\"wp-page\" data-elementor-id=\"1904\" class=\"elementor elementor-1904\" data-elementor-post-type=\"page\">\n\t\t\t\t\t\t<section class=\"elementor-section elementor-top-section elementor-element elementor-element-1708f14 elementor-section-boxed elementor-section-height-default elementor-section-height-default\" data-id=\"1708f14\" data-element_type=\"section\" data-e-type=\"section\">\n\t\t\t\t\t\t<div class=\"elementor-container elementor-column-gap-default\">\n\t\t\t\t\t<div class=\"elementor-column elementor-col-100 elementor-top-column elementor-element elementor-element-6269f58\" data-id=\"6269f58\" data-element_type=\"column\" data-e-type=\"column\" data-settings=\"{&quot;background_background&quot;:&quot;classic&quot;}\">\n\t\t\t<div class=\"elementor-widget-wrap elementor-element-populated\">\n\t\t\t\t\t\t<section class=\"elementor-section elementor-inner-section elementor-element elementor-element-8705a3f elementor-section-boxed elementor-section-height-default elementor-section-height-default\" data-id=\"8705a3f\" data-element_type=\"section\" data-e-type=\"section\">\n\t\t\t\t\t\t<div class=\"elementor-container elementor-column-gap-default\">\n\t\t\t\t\t<div class=\"elementor-column elementor-col-50 elementor-inner-column elementor-element elementor-element-a296927\" data-id=\"a296927\" data-element_type=\"column\" data-e-type=\"column\">\n\t\t\t<div class=\"elementor-widget-wrap elementor-element-populated\">\n\t\t\t\t\t\t<div class=\"elementor-element elementor-element-c4e1a43 elementor-widget elementor-widget-heading\" data-id=\"c4e1a43\" data-element_type=\"widget\" data-e-type=\"widget\" data-widget_type=\"heading.default\">\n\t\t\t\t<div class=\"elementor-widget-container\">\n\t\t\t\t\t<h1 class=\"elementor-heading-title elementor-size-default\">Unsere<\/h1>\t\t\t\t<\/div>\n\t\t\t\t<\/div>\n\t\t\t\t<div class=\"elementor-element elementor-element-bce7f13 elementor-widget elementor-widget-heading\" data-id=\"bce7f13\" data-element_type=\"widget\" data-e-type=\"widget\" data-widget_type=\"heading.default\">\n\t\t\t\t<div class=\"elementor-widget-container\">\n\t\t\t\t\t<h1 class=\"elementor-heading-title elementor-size-default\">Geschichte<\/h1>\t\t\t\t<\/div>\n\t\t\t\t<\/div>\n\t\t\t\t<div class=\"elementor-element elementor-element-32f2cc8 elementor-widget elementor-widget-image\" data-id=\"32f2cc8\" data-element_type=\"widget\" data-e-type=\"widget\" data-widget_type=\"image.default\">\n\t\t\t\t<div class=\"elementor-widget-container\">\n\t\t\t\t\t\t\t\t\t\t\t\t\t\t\t<img decoding=\"async\" src=\"https:\/\/ontwerpenzo-test.nl\/wp-content\/uploads\/elementor\/thumbs\/LSL-icon-pyqfudigm75oe3olyqaddz43e6e9t3sgrdyni0a39e.png\" title=\"Favicon Lipo Science Laboratory\" alt=\"Favicon Lipo Science Laboratory\" loading=\"lazy\" \/>\t\t\t\t\t\t\t\t\t\t\t\t\t\t\t<\/div>\n\t\t\t\t<\/div>\n\t\t\t\t<div class=\"elementor-element elementor-element-6465f43 elementor-widget elementor-widget-text-editor\" data-id=\"6465f43\" data-element_type=\"widget\" data-e-type=\"widget\" data-widget_type=\"text-editor.default\">\n\t\t\t\t<div class=\"elementor-widget-container\">\n\t\t\t\t\t\t\t\t\t<p>Geboren aus Leidenschaft und Tatkraft. Mit Lipo Science Laboratory setzen wir uns daf\u00fcr ein, Gesundheit f\u00fcr alle zug\u00e4nglich zu machen &#8211; jetzt und in Zukunft.<\/p>\t\t\t\t\t\t\t\t<\/div>\n\t\t\t\t<\/div>\n\t\t\t\t\t<\/div>\n\t\t<\/div>\n\t\t\t\t<div class=\"elementor-column elementor-col-50 elementor-inner-column elementor-element elementor-element-b938b38\" data-id=\"b938b38\" data-element_type=\"column\" data-e-type=\"column\">\n\t\t\t<div class=\"elementor-widget-wrap elementor-element-populated\">\n\t\t\t\t\t\t<div class=\"elementor-element elementor-element-2d0062d elementor-widget elementor-widget-text-editor\" data-id=\"2d0062d\" data-element_type=\"widget\" data-e-type=\"widget\" data-widget_type=\"text-editor.default\">\n\t\t\t\t<div class=\"elementor-widget-container\">\n\t\t\t\t\t\t\t\t\t<p>Die Geschichte beginnt mit Wilbert Megens: &#8211; \u201eAls er vor ein paar Jahren von Liposomen erfuhr, war er sofort von dem Mehrwert dieser Anwendung beeindruckt. Da er wusste, dass diese Technologie schon seit Jahren in der Medizin eingesetzt wurde, war er motiviert, etwas damit anzufangen. Die Herausforderung besteht nicht im Verkauf von Produkten, sondern darin, Gesundheit f\u00fcr alle zug\u00e4nglich zu machen.<br \/><br \/>Zusammen mit seiner Tochter begann er, sich mit dem vorhandenen Wissen und der Wissenschaft \u00fcber Liposomen und orthomolekulare Medizin auseinanderzusetzen. Nur das Beste ist gut genug. Durch Investitionen in die Zusammenarbeit mit den richtigen Partnern ist es uns gelungen, ausschlie\u00dflich hochwertige und wirksame Produkte zu entwickeln.<br \/><br \/>Wissen und Forschung sind wichtige Aspekte in der Entwicklung. Durch verschiedene Studien und fundierte Nachweise bietet Lipo Science Laboratory leistungsstarke und reine liposomale Produkte an. Alle Produkte, die das Labor von Lipo Science Laboratory verlassen, sind stabil, rein und haben die h\u00f6chste erreichbare Bioverf\u00fcgbarkeit.<br \/><br \/>Gemeinsam mit einem Team von motivierten Kolleginnen und Kollegen sowie Partnern m\u00f6chten wir auch weiterhin neue Produkte entwickeln, die den h\u00f6chsten Anspr\u00fcchen gen\u00fcgen.<\/p>\t\t\t\t\t\t\t\t<\/div>\n\t\t\t\t<\/div>\n\t\t\t\t\t<\/div>\n\t\t<\/div>\n\t\t\t\t\t<\/div>\n\t\t<\/section>\n\t\t\t\t\t<\/div>\n\t\t<\/div>\n\t\t\t\t\t<\/div>\n\t\t<\/section>\n\t\t\t\t<section class=\"elementor-section elementor-top-section elementor-element elementor-element-60030ad elementor-section-boxed elementor-section-height-default elementor-section-height-default\" data-id=\"60030ad\" data-element_type=\"section\" data-e-type=\"section\" data-settings=\"{&quot;background_background&quot;:&quot;classic&quot;}\">\n\t\t\t\t\t\t\t<div class=\"elementor-background-overlay\"><\/div>\n\t\t\t\t\t\t\t<div class=\"elementor-container elementor-column-gap-default\">\n\t\t\t\t\t<div class=\"elementor-column elementor-col-100 elementor-top-column elementor-element elementor-element-33c0053\" data-id=\"33c0053\" data-element_type=\"column\" data-e-type=\"column\" data-settings=\"{&quot;background_background&quot;:&quot;classic&quot;}\">\n\t\t\t<div class=\"elementor-widget-wrap elementor-element-populated\">\n\t\t\t\t\t\t<div class=\"elementor-element elementor-element-96c36f8 elementor-widget elementor-widget-text-editor\" data-id=\"96c36f8\" data-element_type=\"widget\" data-e-type=\"widget\" data-widget_type=\"text-editor.default\">\n\t\t\t\t<div class=\"elementor-widget-container\">\n\t\t\t\t\t\t\t\t\t<p><strong>VORTEILE LIPOSOMALER PULVER VON LIPO SCIENCE LABORATORY (LSL)<br \/><\/strong>Ausgezeichnete Bioverf\u00fcgbarkeit &#8211; Optimale Transportfunktion &#8211; Reine Qualit\u00e4t &amp; Lange Haltbarkeit<\/p>\t\t\t\t\t\t\t\t<\/div>\n\t\t\t\t<\/div>\n\t\t\t\t\t<\/div>\n\t\t<\/div>\n\t\t\t\t\t<\/div>\n\t\t<\/section>\n\t\t\t\t<section class=\"elementor-section elementor-top-section elementor-element elementor-element-c7b5e48 elementor-section-boxed elementor-section-height-default elementor-section-height-default\" data-id=\"c7b5e48\" data-element_type=\"section\" data-e-type=\"section\" data-settings=\"{&quot;background_background&quot;:&quot;classic&quot;}\">\n\t\t\t\t\t\t<div class=\"elementor-container elementor-column-gap-default\">\n\t\t\t\t\t<div class=\"elementor-column elementor-col-25 elementor-top-column elementor-element elementor-element-e32f638\" data-id=\"e32f638\" data-element_type=\"column\" data-e-type=\"column\">\n\t\t\t<div class=\"elementor-widget-wrap elementor-element-populated\">\n\t\t\t\t\t\t<div class=\"elementor-element elementor-element-5edc74f elementor-hidden-mobile elementor-widget elementor-widget-theme-site-logo elementor-widget-image\" data-id=\"5edc74f\" data-element_type=\"widget\" data-e-type=\"widget\" data-widget_type=\"theme-site-logo.default\">\n\t\t\t\t<div class=\"elementor-widget-container\">\n\t\t\t\t\t\t\t\t\t\t\t<a href=\"https:\/\/ontwerpenzo-test.nl\/de\/\">\n\t\t\t<img fetchpriority=\"high\" decoding=\"async\" width=\"1000\" height=\"330\" src=\"https:\/\/ontwerpenzo-test.nl\/wp-content\/uploads\/2022\/12\/LSL-Logo.png\" class=\"attachment-full size-full wp-image-1287\" alt=\"Logo Lipo Science Laboratory\" srcset=\"https:\/\/ontwerpenzo-test.nl\/wp-content\/uploads\/2022\/12\/LSL-Logo.png 1000w, https:\/\/ontwerpenzo-test.nl\/wp-content\/uploads\/2022\/12\/LSL-Logo-300x99.png 300w, https:\/\/ontwerpenzo-test.nl\/wp-content\/uploads\/2022\/12\/LSL-Logo-768x253.png 768w\" sizes=\"(max-width: 1000px) 100vw, 1000px\" \/>\t\t\t\t<\/a>\n\t\t\t\t\t\t\t\t\t\t\t<\/div>\n\t\t\t\t<\/div>\n\t\t\t\t\t<\/div>\n\t\t<\/div>\n\t\t\t\t<div class=\"elementor-column elementor-col-25 elementor-top-column elementor-element elementor-element-53a7d5d\" data-id=\"53a7d5d\" data-element_type=\"column\" data-e-type=\"column\">\n\t\t\t<div class=\"elementor-widget-wrap elementor-element-populated\">\n\t\t\t\t\t\t<div class=\"elementor-element elementor-element-539080b elementor-widget elementor-widget-heading\" data-id=\"539080b\" data-element_type=\"widget\" data-e-type=\"widget\" data-widget_type=\"heading.default\">\n\t\t\t\t<div class=\"elementor-widget-container\">\n\t\t\t\t\t<h4 class=\"elementor-heading-title elementor-size-default\">Produkte<\/h4>\t\t\t\t<\/div>\n\t\t\t\t<\/div>\n\t\t\t\t<div class=\"elementor-element elementor-element-c691a58 elementor-icon-list--layout-traditional elementor-list-item-link-full_width elementor-widget elementor-widget-icon-list\" data-id=\"c691a58\" data-element_type=\"widget\" data-e-type=\"widget\" data-widget_type=\"icon-list.default\">\n\t\t\t\t<div class=\"elementor-widget-container\">\n\t\t\t\t\t\t\t<ul class=\"elementor-icon-list-items\">\n\t\t\t\t\t\t\t<li class=\"elementor-icon-list-item\">\n\t\t\t\t\t\t\t\t\t\t<span class=\"elementor-icon-list-text\">Liposomal Pulvern<\/span>\n\t\t\t\t\t\t\t\t\t<\/li>\n\t\t\t\t\t\t\t\t<li class=\"elementor-icon-list-item\">\n\t\t\t\t\t\t\t\t\t\t<span class=\"elementor-icon-list-text\">Kapseln<\/span>\n\t\t\t\t\t\t\t\t\t<\/li>\n\t\t\t\t\t\t\t\t<li class=\"elementor-icon-list-item\">\n\t\t\t\t\t\t\t\t\t\t<span class=\"elementor-icon-list-text\">Private label<\/span>\n\t\t\t\t\t\t\t\t\t<\/li>\n\t\t\t\t\t\t\t\t<li class=\"elementor-icon-list-item\">\n\t\t\t\t\t\t\t\t\t\t\t<a href=\"https:\/\/ontwerpenzo-test.nl\/de\/download-produktkatalog\/\">\n\n\t\t\t\t\t\t\t\t\t\t\t<span class=\"elementor-icon-list-text\">Produktkatalog<\/span>\n\t\t\t\t\t\t\t\t\t\t\t<\/a>\n\t\t\t\t\t\t\t\t\t<\/li>\n\t\t\t\t\t\t<\/ul>\n\t\t\t\t\t\t<\/div>\n\t\t\t\t<\/div>\n\t\t\t\t\t<\/div>\n\t\t<\/div>\n\t\t\t\t<div class=\"elementor-column elementor-col-25 elementor-top-column elementor-element elementor-element-d3cb2c8\" data-id=\"d3cb2c8\" data-element_type=\"column\" data-e-type=\"column\">\n\t\t\t<div class=\"elementor-widget-wrap elementor-element-populated\">\n\t\t\t\t\t\t<div class=\"elementor-element elementor-element-cbcab3b elementor-widget elementor-widget-heading\" data-id=\"cbcab3b\" data-element_type=\"widget\" data-e-type=\"widget\" data-widget_type=\"heading.default\">\n\t\t\t\t<div class=\"elementor-widget-container\">\n\t\t\t\t\t<h4 class=\"elementor-heading-title elementor-size-default\">\u00dcber uns<\/h4>\t\t\t\t<\/div>\n\t\t\t\t<\/div>\n\t\t\t\t<div class=\"elementor-element elementor-element-674676f elementor-icon-list--layout-traditional elementor-list-item-link-full_width elementor-widget elementor-widget-icon-list\" data-id=\"674676f\" data-element_type=\"widget\" data-e-type=\"widget\" data-widget_type=\"icon-list.default\">\n\t\t\t\t<div class=\"elementor-widget-container\">\n\t\t\t\t\t\t\t<ul class=\"elementor-icon-list-items\">\n\t\t\t\t\t\t\t<li class=\"elementor-icon-list-item\">\n\t\t\t\t\t\t\t\t\t\t\t<a href=\"https:\/\/ontwerpenzo-test.nl\/de\/liposomale-technologie\/\">\n\n\t\t\t\t\t\t\t\t\t\t\t<span class=\"elementor-icon-list-text\">Liposomale Technologie<\/span>\n\t\t\t\t\t\t\t\t\t\t\t<\/a>\n\t\t\t\t\t\t\t\t\t<\/li>\n\t\t\t\t\t\t\t\t<li class=\"elementor-icon-list-item\">\n\t\t\t\t\t\t\t\t\t\t\t<a href=\"https:\/\/ontwerpenzo-test.nl\/de\/uber-uns\/\">\n\n\t\t\t\t\t\t\t\t\t\t\t<span class=\"elementor-icon-list-text\">Unsere Geschichte<\/span>\n\t\t\t\t\t\t\t\t\t\t\t<\/a>\n\t\t\t\t\t\t\t\t\t<\/li>\n\t\t\t\t\t\t\t\t<li class=\"elementor-icon-list-item\">\n\t\t\t\t\t\t\t\t\t\t\t<a href=\"https:\/\/ontwerpenzo-test.nl\/de\/uber-uns\/\">\n\n\t\t\t\t\t\t\t\t\t\t\t<span class=\"elementor-icon-list-text\">Team<\/span>\n\t\t\t\t\t\t\t\t\t\t\t<\/a>\n\t\t\t\t\t\t\t\t\t<\/li>\n\t\t\t\t\t\t<\/ul>\n\t\t\t\t\t\t<\/div>\n\t\t\t\t<\/div>\n\t\t\t\t\t<\/div>\n\t\t<\/div>\n\t\t\t\t<div class=\"elementor-column elementor-col-25 elementor-top-column elementor-element elementor-element-27ad8f1\" data-id=\"27ad8f1\" data-element_type=\"column\" data-e-type=\"column\">\n\t\t\t<div class=\"elementor-widget-wrap elementor-element-populated\">\n\t\t\t\t\t\t<div class=\"elementor-element elementor-element-199b74b elementor-widget elementor-widget-heading\" data-id=\"199b74b\" data-element_type=\"widget\" data-e-type=\"widget\" data-widget_type=\"heading.default\">\n\t\t\t\t<div class=\"elementor-widget-container\">\n\t\t\t\t\t<h4 class=\"elementor-heading-title elementor-size-default\">Kontakt<\/h4>\t\t\t\t<\/div>\n\t\t\t\t<\/div>\n\t\t\t\t<div class=\"elementor-element elementor-element-8910156 elementor-icon-list--layout-traditional elementor-list-item-link-full_width elementor-widget elementor-widget-icon-list\" data-id=\"8910156\" data-element_type=\"widget\" data-e-type=\"widget\" data-widget_type=\"icon-list.default\">\n\t\t\t\t<div class=\"elementor-widget-container\">\n\t\t\t\t\t\t\t<ul class=\"elementor-icon-list-items\">\n\t\t\t\t\t\t\t<li class=\"elementor-icon-list-item\">\n\t\t\t\t\t\t\t\t\t\t<span class=\"elementor-icon-list-text\">Koopvaardijweg 2<\/span>\n\t\t\t\t\t\t\t\t\t<\/li>\n\t\t\t\t\t\t\t\t<li class=\"elementor-icon-list-item\">\n\t\t\t\t\t\t\t\t\t\t<span class=\"elementor-icon-list-text\">4906 CV Oosterhout (NL)<\/span>\n\t\t\t\t\t\t\t\t\t<\/li>\n\t\t\t\t\t\t\t\t<li class=\"elementor-icon-list-item\">\n\t\t\t\t\t\t\t\t\t\t\t<a href=\"mailto:info@ontwerpenzo-test.nl\">\n\n\t\t\t\t\t\t\t\t\t\t\t<span class=\"elementor-icon-list-text\">info@ontwerpenzo-test.nl<\/span>\n\t\t\t\t\t\t\t\t\t\t\t<\/a>\n\t\t\t\t\t\t\t\t\t<\/li>\n\t\t\t\t\t\t\t\t<li class=\"elementor-icon-list-item\">\n\t\t\t\t\t\t\t\t\t\t<span class=\"elementor-icon-list-text\">Tel: +31 (0) 6 18 40 82 60<\/span>\n\t\t\t\t\t\t\t\t\t<\/li>\n\t\t\t\t\t\t<\/ul>\n\t\t\t\t\t\t<\/div>\n\t\t\t\t<\/div>\n\t\t\t\t\t<\/div>\n\t\t<\/div>\n\t\t\t\t\t<\/div>\n\t\t<\/section>\n\t\t\t\t<section class=\"elementor-section elementor-top-section elementor-element elementor-element-fe4a122 elementor-section-boxed elementor-section-height-default elementor-section-height-default\" data-id=\"fe4a122\" data-element_type=\"section\" data-e-type=\"section\" data-settings=\"{&quot;background_background&quot;:&quot;classic&quot;}\">\n\t\t\t\t\t\t<div class=\"elementor-container elementor-column-gap-default\">\n\t\t\t\t\t<div class=\"elementor-column elementor-col-100 elementor-top-column elementor-element elementor-element-c6facd9\" data-id=\"c6facd9\" data-element_type=\"column\" data-e-type=\"column\">\n\t\t\t<div class=\"elementor-widget-wrap elementor-element-populated\">\n\t\t\t\t\t\t<div class=\"elementor-element elementor-element-7f7c948 elementor-icon-list--layout-inline elementor-align-center elementor-list-item-link-full_width elementor-widget elementor-widget-icon-list\" data-id=\"7f7c948\" data-element_type=\"widget\" data-e-type=\"widget\" data-widget_type=\"icon-list.default\">\n\t\t\t\t<div class=\"elementor-widget-container\">\n\t\t\t\t\t\t\t<ul class=\"elementor-icon-list-items elementor-inline-items\">\n\t\t\t\t\t\t\t<li class=\"elementor-icon-list-item elementor-inline-item\">\n\t\t\t\t\t\t\t\t\t\t<span class=\"elementor-icon-list-text\">\u00a9 LIPO SCIENCE LABORATORY <\/span>\n\t\t\t\t\t\t\t\t\t<\/li>\n\t\t\t\t\t\t\t\t<li class=\"elementor-icon-list-item elementor-inline-item\">\n\t\t\t\t\t\t\t\t\t\t\t<a href=\"https:\/\/ontwerpenzo-test.nl\/de\/allgemeine-geschaftsbedingungen\/\">\n\n\t\t\t\t\t\t\t\t\t\t\t<span class=\"elementor-icon-list-text\">General Conditions<\/span>\n\t\t\t\t\t\t\t\t\t\t\t<\/a>\n\t\t\t\t\t\t\t\t\t<\/li>\n\t\t\t\t\t\t\t\t<li class=\"elementor-icon-list-item elementor-inline-item\">\n\t\t\t\t\t\t\t\t\t\t\t<a href=\"https:\/\/ontwerpenzo-test.nl\/de\/datenschutzerklarung\/\">\n\n\t\t\t\t\t\t\t\t\t\t\t<span class=\"elementor-icon-list-text\">Privacy Statement<\/span>\n\t\t\t\t\t\t\t\t\t\t\t<\/a>\n\t\t\t\t\t\t\t\t\t<\/li>\n\t\t\t\t\t\t\t\t<li class=\"elementor-icon-list-item elementor-inline-item\">\n\t\t\t\t\t\t\t\t\t\t\t<a href=\"https:\/\/ontwerpenzo-test.nl\/de\/cookie-erklarung\/\">\n\n\t\t\t\t\t\t\t\t\t\t\t<span class=\"elementor-icon-list-text\">Cookie Statement<\/span>\n\t\t\t\t\t\t\t\t\t\t\t<\/a>\n\t\t\t\t\t\t\t\t\t<\/li>\n\t\t\t\t\t\t<\/ul>\n\t\t\t\t\t\t<\/div>\n\t\t\t\t<\/div>\n\t\t\t\t\t<\/div>\n\t\t<\/div>\n\t\t\t\t\t<\/div>\n\t\t<\/section>\n\t\t\t\t<\/div>\n\t\t","protected":false},"excerpt":{"rendered":"<p>Unsere Geschichte Geboren aus Leidenschaft und Tatkraft. Mit Lipo Science Laboratory setzen wir uns daf\u00fcr ein, Gesundheit f\u00fcr alle zug\u00e4nglich zu machen &#8211; jetzt und in Zukunft. Die Geschichte beginnt mit Wilbert Megens: &#8211; \u201eAls er vor ein paar Jahren von Liposomen erfuhr, war er sofort von dem Mehrwert dieser Anwendung beeindruckt. Da er wusste, [&hellip;]<\/p>\n","protected":false},"author":1,"featured_media":0,"parent":0,"menu_order":0,"comment_status":"closed","ping_status":"closed","template":"","meta":{"_oct_exclude_from_cache":false,"footnotes":""},"class_list":["post-1904","page","type-page","status-publish","hentry"],"yoast_head":"<!-- This site is optimized with the Yoast SEO plugin v27.3 - https:\/\/yoast.com\/product\/yoast-seo-wordpress\/ -->\n<title>Uber Uns - Lipo Science Laboratory<\/title>\n<meta name=\"robots\" content=\"index, follow, max-snippet:-1, max-image-preview:large, max-video-preview:-1\" \/>\n<link rel=\"canonical\" href=\"https:\/\/ontwerpenzo-test.nl\/our-story\/\" \/>\n<meta property=\"og:locale\" content=\"de_DE\" \/>\n<meta property=\"og:type\" content=\"article\" \/>\n<meta property=\"og:title\" content=\"Uber Uns - Lipo Science Laboratory\" \/>\n<meta property=\"og:description\" content=\"Unsere Geschichte Geboren aus Leidenschaft und Tatkraft. Mit Lipo Science Laboratory setzen wir uns daf\u00fcr ein, Gesundheit f\u00fcr alle zug\u00e4nglich zu machen &#8211; jetzt und in Zukunft. Die Geschichte beginnt mit Wilbert Megens: &#8211; \u201eAls er vor ein paar Jahren von Liposomen erfuhr, war er sofort von dem Mehrwert dieser Anwendung beeindruckt. Da er wusste, [&hellip;]\" \/>\n<meta property=\"og:url\" content=\"https:\/\/ontwerpenzo-test.nl\/our-story\/\" \/>\n<meta property=\"og:site_name\" content=\"Lipo Science Laboratory\" \/>\n<meta property=\"article:modified_time\" content=\"2025-02-20T15:51:46+00:00\" \/>\n<meta property=\"og:image\" content=\"https:\/\/ontwerpenzo-test.nl\/wp-content\/uploads\/elementor\/thumbs\/LSL-icon-pyqfudigm75oe3olyqaddz43e6e9t3sgrdyni0a39e.png\" \/>\n<meta name=\"twitter:card\" content=\"summary_large_image\" \/>\n<meta name=\"twitter:label1\" content=\"Gesch\u00e4tzte Lesezeit\" \/>\n\t<meta name=\"twitter:data1\" content=\"2\u00a0Minuten\" \/>\n<script type=\"application\/ld+json\" class=\"yoast-schema-graph\">{\"@context\":\"https:\\\/\\\/schema.org\",\"@graph\":[{\"@type\":\"WebPage\",\"@id\":\"https:\\\/\\\/ontwerpenzo-test.nl\\\/our-story\\\/\",\"url\":\"https:\\\/\\\/ontwerpenzo-test.nl\\\/our-story\\\/\",\"name\":\"Uber Uns - Lipo Science Laboratory\",\"isPartOf\":{\"@id\":\"https:\\\/\\\/ontwerpenzo-test.nl\\\/de\\\/#website\"},\"primaryImageOfPage\":{\"@id\":\"https:\\\/\\\/ontwerpenzo-test.nl\\\/our-story\\\/#primaryimage\"},\"image\":{\"@id\":\"https:\\\/\\\/ontwerpenzo-test.nl\\\/our-story\\\/#primaryimage\"},\"thumbnailUrl\":\"https:\\\/\\\/ontwerpenzo-test.nl\\\/wp-content\\\/uploads\\\/elementor\\\/thumbs\\\/LSL-icon-pyqfudigm75oe3olyqaddz43e6e9t3sgrdyni0a39e.png\",\"datePublished\":\"2022-11-30T10:31:45+00:00\",\"dateModified\":\"2025-02-20T15:51:46+00:00\",\"breadcrumb\":{\"@id\":\"https:\\\/\\\/ontwerpenzo-test.nl\\\/our-story\\\/#breadcrumb\"},\"inLanguage\":\"de\",\"potentialAction\":[{\"@type\":\"ReadAction\",\"target\":[\"https:\\\/\\\/ontwerpenzo-test.nl\\\/our-story\\\/\"]}]},{\"@type\":\"ImageObject\",\"inLanguage\":\"de\",\"@id\":\"https:\\\/\\\/ontwerpenzo-test.nl\\\/our-story\\\/#primaryimage\",\"url\":\"https:\\\/\\\/ontwerpenzo-test.nl\\\/wp-content\\\/uploads\\\/elementor\\\/thumbs\\\/LSL-icon-pyqfudigm75oe3olyqaddz43e6e9t3sgrdyni0a39e.png\",\"contentUrl\":\"https:\\\/\\\/ontwerpenzo-test.nl\\\/wp-content\\\/uploads\\\/elementor\\\/thumbs\\\/LSL-icon-pyqfudigm75oe3olyqaddz43e6e9t3sgrdyni0a39e.png\"},{\"@type\":\"BreadcrumbList\",\"@id\":\"https:\\\/\\\/ontwerpenzo-test.nl\\\/our-story\\\/#breadcrumb\",\"itemListElement\":[{\"@type\":\"ListItem\",\"position\":1,\"name\":\"Home\",\"item\":\"https:\\\/\\\/ontwerpenzo-test.nl\\\/de\\\/\"},{\"@type\":\"ListItem\",\"position\":2,\"name\":\"Uber Uns\"}]},{\"@type\":\"WebSite\",\"@id\":\"https:\\\/\\\/ontwerpenzo-test.nl\\\/de\\\/#website\",\"url\":\"https:\\\/\\\/ontwerpenzo-test.nl\\\/de\\\/\",\"name\":\"Lipo Science Laboratory\",\"description\":\"Scientists in liposome technology\",\"publisher\":{\"@id\":\"https:\\\/\\\/ontwerpenzo-test.nl\\\/de\\\/#organization\"},\"potentialAction\":[{\"@type\":\"SearchAction\",\"target\":{\"@type\":\"EntryPoint\",\"urlTemplate\":\"https:\\\/\\\/ontwerpenzo-test.nl\\\/de\\\/?s={search_term_string}\"},\"query-input\":{\"@type\":\"PropertyValueSpecification\",\"valueRequired\":true,\"valueName\":\"search_term_string\"}}],\"inLanguage\":\"de\"},{\"@type\":\"Organization\",\"@id\":\"https:\\\/\\\/ontwerpenzo-test.nl\\\/de\\\/#organization\",\"name\":\"Lipo Science Laboratory\",\"url\":\"https:\\\/\\\/ontwerpenzo-test.nl\\\/de\\\/\",\"logo\":{\"@type\":\"ImageObject\",\"inLanguage\":\"de\",\"@id\":\"https:\\\/\\\/ontwerpenzo-test.nl\\\/de\\\/#\\\/schema\\\/logo\\\/image\\\/\",\"url\":\"https:\\\/\\\/ontwerpenzo-test.nl\\\/wp-content\\\/uploads\\\/2022\\\/12\\\/LSL-Logo.png\",\"contentUrl\":\"https:\\\/\\\/ontwerpenzo-test.nl\\\/wp-content\\\/uploads\\\/2022\\\/12\\\/LSL-Logo.png\",\"width\":1000,\"height\":330,\"caption\":\"Lipo Science Laboratory\"},\"image\":{\"@id\":\"https:\\\/\\\/ontwerpenzo-test.nl\\\/de\\\/#\\\/schema\\\/logo\\\/image\\\/\"}}]}<\/script>\n<!-- \/ Yoast SEO plugin. -->","yoast_head_json":{"title":"Uber Uns - Lipo Science Laboratory","robots":{"index":"index","follow":"follow","max-snippet":"max-snippet:-1","max-image-preview":"max-image-preview:large","max-video-preview":"max-video-preview:-1"},"canonical":"https:\/\/ontwerpenzo-test.nl\/our-story\/","og_locale":"de_DE","og_type":"article","og_title":"Uber Uns - Lipo Science Laboratory","og_description":"Unsere Geschichte Geboren aus Leidenschaft und Tatkraft. Mit Lipo Science Laboratory setzen wir uns daf\u00fcr ein, Gesundheit f\u00fcr alle zug\u00e4nglich zu machen &#8211; jetzt und in Zukunft. Die Geschichte beginnt mit Wilbert Megens: &#8211; \u201eAls er vor ein paar Jahren von Liposomen erfuhr, war er sofort von dem Mehrwert dieser Anwendung beeindruckt. Da er wusste, [&hellip;]","og_url":"https:\/\/ontwerpenzo-test.nl\/our-story\/","og_site_name":"Lipo Science Laboratory","article_modified_time":"2025-02-20T15:51:46+00:00","og_image":[{"url":"https:\/\/ontwerpenzo-test.nl\/wp-content\/uploads\/elementor\/thumbs\/LSL-icon-pyqfudigm75oe3olyqaddz43e6e9t3sgrdyni0a39e.png","type":"","width":"","height":""}],"twitter_card":"summary_large_image","twitter_misc":{"Gesch\u00e4tzte Lesezeit":"2\u00a0Minuten"},"schema":{"@context":"https:\/\/schema.org","@graph":[{"@type":"WebPage","@id":"https:\/\/ontwerpenzo-test.nl\/our-story\/","url":"https:\/\/ontwerpenzo-test.nl\/our-story\/","name":"Uber Uns - Lipo Science Laboratory","isPartOf":{"@id":"https:\/\/ontwerpenzo-test.nl\/de\/#website"},"primaryImageOfPage":{"@id":"https:\/\/ontwerpenzo-test.nl\/our-story\/#primaryimage"},"image":{"@id":"https:\/\/ontwerpenzo-test.nl\/our-story\/#primaryimage"},"thumbnailUrl":"https:\/\/ontwerpenzo-test.nl\/wp-content\/uploads\/elementor\/thumbs\/LSL-icon-pyqfudigm75oe3olyqaddz43e6e9t3sgrdyni0a39e.png","datePublished":"2022-11-30T10:31:45+00:00","dateModified":"2025-02-20T15:51:46+00:00","breadcrumb":{"@id":"https:\/\/ontwerpenzo-test.nl\/our-story\/#breadcrumb"},"inLanguage":"de","potentialAction":[{"@type":"ReadAction","target":["https:\/\/ontwerpenzo-test.nl\/our-story\/"]}]},{"@type":"ImageObject","inLanguage":"de","@id":"https:\/\/ontwerpenzo-test.nl\/our-story\/#primaryimage","url":"https:\/\/ontwerpenzo-test.nl\/wp-content\/uploads\/elementor\/thumbs\/LSL-icon-pyqfudigm75oe3olyqaddz43e6e9t3sgrdyni0a39e.png","contentUrl":"https:\/\/ontwerpenzo-test.nl\/wp-content\/uploads\/elementor\/thumbs\/LSL-icon-pyqfudigm75oe3olyqaddz43e6e9t3sgrdyni0a39e.png"},{"@type":"BreadcrumbList","@id":"https:\/\/ontwerpenzo-test.nl\/our-story\/#breadcrumb","itemListElement":[{"@type":"ListItem","position":1,"name":"Home","item":"https:\/\/ontwerpenzo-test.nl\/de\/"},{"@type":"ListItem","position":2,"name":"Uber Uns"}]},{"@type":"WebSite","@id":"https:\/\/ontwerpenzo-test.nl\/de\/#website","url":"https:\/\/ontwerpenzo-test.nl\/de\/","name":"Lipo Science Laboratory","description":"Scientists in liposome technology","publisher":{"@id":"https:\/\/ontwerpenzo-test.nl\/de\/#organization"},"potentialAction":[{"@type":"SearchAction","target":{"@type":"EntryPoint","urlTemplate":"https:\/\/ontwerpenzo-test.nl\/de\/?s={search_term_string}"},"query-input":{"@type":"PropertyValueSpecification","valueRequired":true,"valueName":"search_term_string"}}],"inLanguage":"de"},{"@type":"Organization","@id":"https:\/\/ontwerpenzo-test.nl\/de\/#organization","name":"Lipo Science Laboratory","url":"https:\/\/ontwerpenzo-test.nl\/de\/","logo":{"@type":"ImageObject","inLanguage":"de","@id":"https:\/\/ontwerpenzo-test.nl\/de\/#\/schema\/logo\/image\/","url":"https:\/\/ontwerpenzo-test.nl\/wp-content\/uploads\/2022\/12\/LSL-Logo.png","contentUrl":"https:\/\/ontwerpenzo-test.nl\/wp-content\/uploads\/2022\/12\/LSL-Logo.png","width":1000,"height":330,"caption":"Lipo Science Laboratory"},"image":{"@id":"https:\/\/ontwerpenzo-test.nl\/de\/#\/schema\/logo\/image\/"}}]}},"_links":{"self":[{"href":"https:\/\/ontwerpenzo-test.nl\/de\/wp-json\/wp\/v2\/pages\/1904","targetHints":{"allow":["GET"]}}],"collection":[{"href":"https:\/\/ontwerpenzo-test.nl\/de\/wp-json\/wp\/v2\/pages"}],"about":[{"href":"https:\/\/ontwerpenzo-test.nl\/de\/wp-json\/wp\/v2\/types\/page"}],"author":[{"embeddable":true,"href":"https:\/\/ontwerpenzo-test.nl\/de\/wp-json\/wp\/v2\/users\/1"}],"replies":[{"embeddable":true,"href":"https:\/\/ontwerpenzo-test.nl\/de\/wp-json\/wp\/v2\/comments?post=1904"}],"version-history":[{"count":0,"href":"https:\/\/ontwerpenzo-test.nl\/de\/wp-json\/wp\/v2\/pages\/1904\/revisions"}],"wp:attachment":[{"href":"https:\/\/ontwerpenzo-test.nl\/de\/wp-json\/wp\/v2\/media?parent=1904"}],"curies":[{"name":"wp","href":"https:\/\/api.w.org\/{rel}","templated":true}]}}